{"id":259,"date":"2026-01-28T16:49:43","date_gmt":"2026-01-28T16:49:43","guid":{"rendered":"https:\/\/intercarchile.cl\/?post_type=product&#038;p=259"},"modified":"2026-01-28T18:54:55","modified_gmt":"2026-01-28T18:54:55","slug":"piso-camello-una-1-goma","status":"publish","type":"product","link":"https:\/\/intercarchile.cl\/index.php\/producto\/piso-camello-una-1-goma\/","title":{"rendered":"PISO CAMELLO UNA (1) GOMA"},"content":{"rendered":"<p class=\"p1\"><span class=\"s1\">Protecci\u00f3n resistente y f\u00e1cil mantenci\u00f3n<\/span><\/p>\n<p class=\"p1\"><span class=\"s2\">El <\/span><span class=\"s1\">piso camello de goma<\/span><span class=\"s2\"> es una soluci\u00f3n pr\u00e1ctica y duradera para proteger el interior del veh\u00edculo contra suciedad, barro, agua y desgaste diario. Su dise\u00f1o antideslizante ayuda a mantener el piso limpio y seguro, incluso en condiciones exigentes.<\/span><\/p>\n<p class=\"p1\"><span class=\"s2\">Fabricado en <\/span><span class=\"s1\">goma resistente<\/span><span class=\"s2\">, es f\u00e1cil de lavar y se adapta a distintos modelos de veh\u00edculos, siendo ideal para uso urbano o de trabajo.<\/span><\/p>\n<h3><span class=\"s1\">Caracter\u00edsticas:<\/span><\/h3>\n<ul>\n<li>\n<p class=\"p1\"><span class=\"s1\">Fabricado en goma de alta resistencia<\/span><\/p>\n<\/li>\n<li>\n<p class=\"p1\"><span class=\"s1\">Dise\u00f1o antideslizante<\/span><\/p>\n<\/li>\n<li>\n<p class=\"p1\"><span class=\"s1\">F\u00e1cil limpieza y mantenci\u00f3n<\/span><\/p>\n<\/li>\n<li>\n<p class=\"p1\"><span class=\"s1\">Protecci\u00f3n efectiva contra suciedad y l\u00edquidos<\/span><\/p>\n<\/li>\n<li>\n<p class=\"p1\"><span class=\"s1\">Formato universal<\/span><\/p>\n<\/li>\n<li>\n<p class=\"p1\"><span class=\"s1\">Incluye <\/span><span class=\"s2\">1 pieza<\/span><\/p>\n<\/li>\n<\/ul>\n<p>&nbsp;<\/p>\n<p class=\"p1\"><span class=\"s2\">Ideal para quienes buscan <\/span><span class=\"s1\">protecci\u00f3n funcional y durabilidad<\/span><span class=\"s2\"> sin complicaciones.<\/span><\/p>\n","protected":false},"excerpt":{"rendered":"<p>Protecci\u00f3n resistente y f\u00e1cil mantenci\u00f3n El piso camello de goma es una soluci\u00f3n pr\u00e1ctica y duradera para proteger el interior del veh\u00edculo contra suciedad, barro, agua y desgaste diario. Su dise\u00f1o antideslizante ayuda a mantener el piso limpio y seguro, incluso en condiciones exigentes. Fabricado en goma resistente, es f\u00e1cil de lavar y se adapta [&hellip;]<\/p>\n","protected":false},"featured_media":0,"comment_status":"open","ping_status":"closed","template":"","meta":[],"product_brand":[27],"product_cat":[95],"product_tag":[74,114,115,122,120,118,117,111,123,112,113,119,121,116],"class_list":{"0":"post-259","1":"product","2":"type-product","3":"status-publish","5":"product_brand-generico","6":"product_cat-pisos","7":"product_tag-accesorios-auto-chile","8":"product_tag-alfombra-auto","9":"product_tag-alfombra-de-goma","10":"product_tag-alfombra-facil-limpieza","11":"product_tag-alfombra-para-auto-chile","12":"product_tag-alfombra-universal-auto","13":"product_tag-piso-antideslizante-auto","14":"product_tag-piso-auto","15":"product_tag-piso-automotriz","16":"product_tag-piso-camello","17":"product_tag-piso-de-goma-auto","18":"product_tag-piso-interior-auto","19":"product_tag-piso-resistente-auto","20":"product_tag-piso-vehicular","22":"first","23":"instock","24":"sale","25":"shipping-taxable","26":"purchasable","27":"product-type-simple"},"jetpack_sharing_enabled":true,"_links":{"self":[{"href":"https:\/\/intercarchile.cl\/index.php\/wp-json\/wp\/v2\/product\/259","targetHints":{"allow":["GET"]}}],"collection":[{"href":"https:\/\/intercarchile.cl\/index.php\/wp-json\/wp\/v2\/product"}],"about":[{"href":"https:\/\/intercarchile.cl\/index.php\/wp-json\/wp\/v2\/types\/product"}],"replies":[{"embeddable":true,"href":"https:\/\/intercarchile.cl\/index.php\/wp-json\/wp\/v2\/comments?post=259"}],"wp:attachment":[{"href":"https:\/\/intercarchile.cl\/index.php\/wp-json\/wp\/v2\/media?parent=259"}],"wp:term":[{"taxonomy":"product_brand","embeddable":true,"href":"https:\/\/intercarchile.cl\/index.php\/wp-json\/wp\/v2\/product_brand?post=259"},{"taxonomy":"product_cat","embeddable":true,"href":"https:\/\/intercarchile.cl\/index.php\/wp-json\/wp\/v2\/product_cat?post=259"},{"taxonomy":"product_tag","embeddable":true,"href":"https:\/\/intercarchile.cl\/index.php\/wp-json\/wp\/v2\/product_tag?post=259"}],"curies":[{"name":"wp","href":"https:\/\/api.w.org\/{rel}","templated":true}]}}