{"id":252,"date":"2026-01-06T16:07:13","date_gmt":"2026-01-06T16:07:13","guid":{"rendered":"https:\/\/intercarchile.cl\/?post_type=product&#038;p=252"},"modified":"2026-01-06T16:11:07","modified_gmt":"2026-01-06T16:11:07","slug":"tiras-led-rgbcontrol","status":"publish","type":"product","link":"https:\/\/intercarchile.cl\/index.php\/producto\/tiras-led-rgbcontrol\/","title":{"rendered":"TIRAS LED RGB+CONTROL"},"content":{"rendered":"<p>Iluminaci\u00f3n ambiental personalizable<\/p>\n<p>Las tiras LED RGB con control remoto para auto permiten crear un ambiente interior \u00fanico gracias a su iluminaci\u00f3n multicolor personalizable. Dise\u00f1adas para funcionar a 12V, ofrecen una soluci\u00f3n est\u00e9tica y moderna para destacar el interior del veh\u00edculo de forma simple y efectiva.<\/p>\n<p>Cuentan con distintos modos de color y efectos, adapt\u00e1ndose al estilo de cada conductor y aportando una experiencia visual m\u00e1s envolvente durante la conducci\u00f3n nocturna.<\/p>\n<p>Ideales para quienes buscan personalizar su veh\u00edculo con iluminaci\u00f3n LED vers\u00e1til y de bajo consumo.<\/p>\n<p>VOLTAJE : 12V -10W<br \/>\nMEDIDA : 2 x 120CM<br \/>\n2 x 90CM<br \/>\nMATERIAL : PVC<\/p>\n<p>&nbsp;<\/p>\n","protected":false},"excerpt":{"rendered":"<p>Iluminaci\u00f3n ambiental personalizable Las tiras LED RGB con control remoto para auto permiten crear un ambiente interior \u00fanico gracias a su iluminaci\u00f3n multicolor personalizable. Dise\u00f1adas para funcionar a 12V, ofrecen una soluci\u00f3n est\u00e9tica y moderna para destacar el interior del veh\u00edculo de forma simple y efectiva. Cuentan con distintos modos de color y efectos, adapt\u00e1ndose [&hellip;]<\/p>\n","protected":false},"featured_media":0,"comment_status":"open","ping_status":"closed","template":"","meta":[],"product_brand":[],"product_cat":[30],"product_tag":[84,83,78,81,79,77,82,80,76,75],"class_list":{"0":"post-252","1":"product","2":"type-product","3":"status-publish","5":"product_cat-led","6":"product_tag-accesorios-auto-led-chile","7":"product_tag-accesorios-led-automotrices","8":"product_tag-iluminacion-interior-auto","9":"product_tag-iluminacion-led-vehicular","10":"product_tag-luces-ambientales-auto","11":"product_tag-luces-led-rgb-auto","12":"product_tag-tiras-led-12v-auto","13":"product_tag-tiras-led-multicolor","14":"product_tag-tiras-led-para-auto","15":"product_tag-tiras-led-rgb","17":"first","18":"instock","19":"sale","20":"shipping-taxable","21":"purchasable","22":"product-type-simple"},"jetpack_sharing_enabled":true,"_links":{"self":[{"href":"https:\/\/intercarchile.cl\/index.php\/wp-json\/wp\/v2\/product\/252","targetHints":{"allow":["GET"]}}],"collection":[{"href":"https:\/\/intercarchile.cl\/index.php\/wp-json\/wp\/v2\/product"}],"about":[{"href":"https:\/\/intercarchile.cl\/index.php\/wp-json\/wp\/v2\/types\/product"}],"replies":[{"embeddable":true,"href":"https:\/\/intercarchile.cl\/index.php\/wp-json\/wp\/v2\/comments?post=252"}],"wp:attachment":[{"href":"https:\/\/intercarchile.cl\/index.php\/wp-json\/wp\/v2\/media?parent=252"}],"wp:term":[{"taxonomy":"product_brand","embeddable":true,"href":"https:\/\/intercarchile.cl\/index.php\/wp-json\/wp\/v2\/product_brand?post=252"},{"taxonomy":"product_cat","embeddable":true,"href":"https:\/\/intercarchile.cl\/index.php\/wp-json\/wp\/v2\/product_cat?post=252"},{"taxonomy":"product_tag","embeddable":true,"href":"https:\/\/intercarchile.cl\/index.php\/wp-json\/wp\/v2\/product_tag?post=252"}],"curies":[{"name":"wp","href":"https:\/\/api.w.org\/{rel}","templated":true}]}}