{"id":129,"date":"2025-11-20T22:32:58","date_gmt":"2025-11-20T22:32:58","guid":{"rendered":"https:\/\/intercarchile.cl\/?post_type=product&#038;p=129"},"modified":"2026-01-06T15:20:54","modified_gmt":"2026-01-06T15:20:54","slug":"70368-ro","status":"publish","type":"product","link":"https:\/\/intercarchile.cl\/index.php\/producto\/70368-ro\/","title":{"rendered":"LETRERO UBER LED ROJO"},"content":{"rendered":"<p>LETRERO UBER ROJO:<\/p>\n<ul>\n<li>VOLTAJE: 12 VOLT<\/li>\n<li>CONEXI\u00d3N: PUERTO ENCENDEDOR<\/li>\n<\/ul>\n<p>Alimentaci\u00f3n v\u00eda encendedor, instalaci\u00f3n simple y visibilidad clara tanto de d\u00eda como de noche.<br \/>\nUna soluci\u00f3n pr\u00e1ctica para conductores que buscan identificaci\u00f3n inmediata y funcionamiento confiable.<\/p>\n","protected":false},"excerpt":{"rendered":"<p>LETRERO UBER ROJO: VOLTAJE: 12 VOLT CONEXI\u00d3N: PUERTO ENCENDEDOR Alimentaci\u00f3n v\u00eda encendedor, instalaci\u00f3n simple y visibilidad clara tanto de d\u00eda como de noche. Una soluci\u00f3n pr\u00e1ctica para conductores que buscan identificaci\u00f3n inmediata y funcionamiento confiable.<\/p>\n","protected":false},"featured_media":0,"comment_status":"open","ping_status":"closed","template":"","meta":[],"product_brand":[27],"product_cat":[30],"product_tag":[49,47,45,43,41,48,44,40,42,46],"class_list":{"0":"post-129","1":"product","2":"type-product","3":"status-publish","5":"product_brand-generico","6":"product_cat-led","7":"product_tag-accesorios-para-conductores-uber","8":"product_tag-accesorios-uber-chile","9":"product_tag-cartel-uber-led","10":"product_tag-letrero-uber-12v","11":"product_tag-letrero-uber-auto","12":"product_tag-letrero-uber-chile","13":"product_tag-letrero-uber-encendedor","14":"product_tag-letrero-uber-led","15":"product_tag-letrero-uber-rojo","16":"product_tag-luz-led-uber","18":"first","19":"instock","20":"shipping-taxable","21":"purchasable","22":"product-type-simple"},"jetpack_sharing_enabled":true,"_links":{"self":[{"href":"https:\/\/intercarchile.cl\/index.php\/wp-json\/wp\/v2\/product\/129","targetHints":{"allow":["GET"]}}],"collection":[{"href":"https:\/\/intercarchile.cl\/index.php\/wp-json\/wp\/v2\/product"}],"about":[{"href":"https:\/\/intercarchile.cl\/index.php\/wp-json\/wp\/v2\/types\/product"}],"replies":[{"embeddable":true,"href":"https:\/\/intercarchile.cl\/index.php\/wp-json\/wp\/v2\/comments?post=129"}],"wp:attachment":[{"href":"https:\/\/intercarchile.cl\/index.php\/wp-json\/wp\/v2\/media?parent=129"}],"wp:term":[{"taxonomy":"product_brand","embeddable":true,"href":"https:\/\/intercarchile.cl\/index.php\/wp-json\/wp\/v2\/product_brand?post=129"},{"taxonomy":"product_cat","embeddable":true,"href":"https:\/\/intercarchile.cl\/index.php\/wp-json\/wp\/v2\/product_cat?post=129"},{"taxonomy":"product_tag","embeddable":true,"href":"https:\/\/intercarchile.cl\/index.php\/wp-json\/wp\/v2\/product_tag?post=129"}],"curies":[{"name":"wp","href":"https:\/\/api.w.org\/{rel}","templated":true}]}}